{"id":140,"date":"2020-11-15T16:49:26","date_gmt":"2020-11-15T15:49:26","guid":{"rendered":"https:\/\/www.mpower1.hr\/?page_id=140"},"modified":"2020-11-23T00:28:27","modified_gmt":"2020-11-22T23:28:27","slug":"planiranje","status":"publish","type":"page","link":"https:\/\/www.mpower1.hr\/?page_id=140","title":{"rendered":"Planiranje"},"content":{"rendered":"\n<h3 style=\"font-size:25px\"><strong>Pogled u budu\u0107nost<\/strong><\/h3>\n<p>&nbsp;<\/p>\n\n\n\n<div class=\"wp-block-columns is-layout-flex wp-container-core-columns-is-layout-9d6595d7 wp-block-columns-is-layout-flex\">\n<div class=\"wp-block-column is-layout-flow wp-block-column-is-layout-flow\" style=\"flex-basis:52.5%\">\n<p class=\"has-text-align-left has-medium-font-size\">Planiranje vam poma\u017ee upravljati poslovanjem.<\/p>\n\n\n\n<p class=\"has-text-align-left has-medium-font-size\">Stvorite konkurentne prednosti i preuzmite kontrolu nad poslovanjem. Pru\u017eamo alat za planiranje i podr\u0161ku u planiranju. Usporedite rezultate teku\u0107e godine s planom i prethodnom godinom. Pomo\u0107u projekcije kraja godine to\u010dno znajte gdje stojite u svakom trenutku.<\/p>\n\n\n\n<p>.<\/p>\n<\/div>\n\n\n\n<div class=\"wp-block-column is-layout-flow wp-block-column-is-layout-flow\" style=\"flex-basis:33.33%\">\n<div class=\"wp-block-image\"><figure class=\"aligncenter size-large is-resized\"><img loading=\"lazy\" decoding=\"async\" src=\"https:\/\/www.mpower1.hr\/wp-content\/uploads\/2020\/11\/back-to-the-future.jpeg\" alt=\"\" class=\"wp-image-142\" width=\"240\" height=\"144\" srcset=\"https:\/\/www.mpower1.hr\/wp-content\/uploads\/2020\/11\/back-to-the-future.jpeg 600w, https:\/\/www.mpower1.hr\/wp-content\/uploads\/2020\/11\/back-to-the-future-300x180.jpeg 300w\" sizes=\"auto, (max-width: 240px) 100vw, 240px\" \/><\/figure><\/div>\n<\/div>\n<\/div>\n","protected":false},"excerpt":{"rendered":"<p>Pogled u budu\u0107nost &nbsp; Planiranje vam poma\u017ee upravljati poslovanjem. Stvorite konkurentne prednosti i preuzmite kontrolu nad poslovanjem. Pru\u017eamo alat za planiranje i podr\u0161ku u planiranju. Usporedite rezultate teku\u0107e godine s planom i prethodnom godinom. Pomo\u0107u projekcije kraja godine to\u010dno znajte gdje stojite u svakom trenutku. .<\/p>\n","protected":false},"author":1,"featured_media":0,"parent":43,"menu_order":0,"comment_status":"closed","ping_status":"closed","template":"","meta":{"footnotes":""},"class_list":["post-140","page","type-page","status-publish","hentry"],"_links":{"self":[{"href":"https:\/\/www.mpower1.hr\/index.php?rest_route=\/wp\/v2\/pages\/140","targetHints":{"allow":["GET"]}}],"collection":[{"href":"https:\/\/www.mpower1.hr\/index.php?rest_route=\/wp\/v2\/pages"}],"about":[{"href":"https:\/\/www.mpower1.hr\/index.php?rest_route=\/wp\/v2\/types\/page"}],"author":[{"embeddable":true,"href":"https:\/\/www.mpower1.hr\/index.php?rest_route=\/wp\/v2\/users\/1"}],"replies":[{"embeddable":true,"href":"https:\/\/www.mpower1.hr\/index.php?rest_route=%2Fwp%2Fv2%2Fcomments&post=140"}],"version-history":[{"count":12,"href":"https:\/\/www.mpower1.hr\/index.php?rest_route=\/wp\/v2\/pages\/140\/revisions"}],"predecessor-version":[{"id":337,"href":"https:\/\/www.mpower1.hr\/index.php?rest_route=\/wp\/v2\/pages\/140\/revisions\/337"}],"up":[{"embeddable":true,"href":"https:\/\/www.mpower1.hr\/index.php?rest_route=\/wp\/v2\/pages\/43"}],"wp:attachment":[{"href":"https:\/\/www.mpower1.hr\/index.php?rest_route=%2Fwp%2Fv2%2Fmedia&parent=140"}],"curies":[{"name":"wp","href":"https:\/\/api.w.org\/{rel}","templated":true}]}}