{"id":43,"date":"2020-03-17T20:28:09","date_gmt":"2020-03-17T19:28:09","guid":{"rendered":"http:\/\/www.mpower1.hr\/?page_id=43"},"modified":"2022-05-01T20:18:05","modified_gmt":"2022-05-01T18:18:05","slug":"mesmerize","status":"publish","type":"page","link":"https:\/\/www.mpower1.hr\/","title":{"rendered":"Front Page"},"content":{"rendered":"<div  data-label=\"Features\" data-id=\"features--1\" data-export-id=\"features-13\" data-category=\"features\" class=\"features-13 content-section content-section-spacing full-screen-section\" id=\"features\" style=\"background-color: rgb(245, 250, 253);\" data-bullets-visibility=\"true\"><div  class=\"gridContainer\"> <div  class=\"row text-center\"><div  class=\"section-title-col\" data-type=\"column\"> <h2  class=\"\">Poslovna rje\u0161enja<\/h2> <p  class=\"\">&nbsp;<\/p><\/div> <\/div> <div  class=\"row spaced-cols center-sm content-center-sm\" data-type=\"row\"> <div  class=\"col col-sm-6 space-bottom col-md-4\"> <a data-cp-link=\"1\" href=\"https:\/\/www.mpower1.hr?page_id=99&amp;preview=true\" class=\"\" target=\"_self\" rel=\"noopener noreferrer\"><i  class=\"fa icon color1 fa-cogs reverse round big\"><\/i><\/a> <h4  class=\"\">Savjetovanje<\/h4> <p  class=\"\">Analiza i unapre\u0111enje procesa<\/p> <\/div> <div  class=\"col col-sm-6 space-bottom col-md-4\"><a data-cp-link=\"1\" href=\"https:\/\/www.mpower1.hr?page_id=140\" class=\"\" target=\"_self\" rel=\"noopener noreferrer\"><i  class=\"fa icon color1 fa-binoculars reverse round big\"><\/i><\/a> <h4  class=\"\">Planiranje<\/h4> <p  class=\"\">Pogled u budu\u0107nost<\/p> <\/div> <div  class=\"col col-sm-6 space-bottom col-md-4\"><a data-cp-link=\"1\" href=\"https:\/\/www.mpower1.hr?page_id=146\" class=\"\" target=\"_self\" rel=\"noopener noreferrer\"><i  class=\"fa icon color1 fa-area-chart reverse round big\"><\/i><\/a> <h4  class=\"\">Izvje\u0161tavanje<\/h4> <p  class=\"\">Pretvorimo podatke u informacije<\/p> <\/div>  <div  class=\"col col-sm-6 space-bottom col-md-4\"> <a data-cp-link=\"1\" href=\"https:\/\/www.mpower1.hr?page_id=188\" class=\"\" target=\"_self\" rel=\"noopener noreferrer\"><i  class=\"fa icon color1 fa-graduation-cap reverse round big\"><\/i><\/a> <h4  class=\"\">Power obuka<\/h4> <p  class=\"\">Postanite mo\u0107ni<\/p> <\/div><div  class=\"col col-sm-6 space-bottom col-md-4\"><a data-cp-link=\"1\" href=\"https:\/\/www.mpower1.hr?page_id=183\" class=\"\" target=\"_self\" rel=\"noopener noreferrer\"><i  class=\"fa icon color1 fa-arrows-alt reverse round big\"><\/i><\/a> <h4  class=\"\">Integracija i automatizacija<\/h4> <p  class=\"\">Spojimo najbolje u cjelinu<\/p> <\/div><div  class=\"col col-sm-6 space-bottom col-md-4\"> <a data-cp-link=\"1\" href=\"https:\/\/www.mpower1.hr?page_id=199\" class=\"\" target=\"_self\" rel=\"noopener noreferrer\"><i  class=\"fa icon color1 fa-bell reverse round big\"><\/i><\/a> <h4  class=\"\">Upravljanje zalihama<\/h4> <p  class=\"\">Pametna nabava<\/p> <\/div><\/div><\/div> <\/div><div data-label=\"Content\" data-id=\"content--1\" data-export-id=\"content-8-mc\" data-category=\"content\" class=\"content-8-mc content-section content-section-spacing\" id=\"content-1\"  style=\"background-color: rgb(255, 255, 255);\"><div class=\"gridContainer\" > <div class=\"row middle-sm\" ><div class=\"col-sm-6 space-bottom-xs space-top-xs\" data-type=\"column\" > <img decoding=\"async\" class=\"shadow-large\" src=\"https:\/\/www.mpower1.hr\/wp-content\/uploads\/2020\/03\/cropped-cropped-Rounded-elegance_218-i-28.png\"  title=\"cropped-cropped-Rounded-elegance_218-i-28.png\" alt=\"\"><\/div> <div class=\"col-sm-6\" data-type=\"column\" > <p class=\"\" >MPower 1 d.o.o.<br >marko.panduric@mpower1.hr<br >+385 98 908 4227<\/p> <\/div> <\/div><\/div> <\/div>","protected":false},"excerpt":{"rendered":"<p>Poslovna rje\u0161enja &nbsp; Savjetovanje Analiza i unapre\u0111enje procesa Planiranje Pogled u budu\u0107nost Izvje\u0161tavanje Pretvorimo podatke u informacije Power obuka Postanite mo\u0107ni Integracija i automatizacija Spojimo najbolje u cjelinu Upravljanje zalihama Pametna nabava MPower 1 d.o.o.marko.panduric@mpower1.hr+385 98 908 4227<\/p>\n","protected":false},"author":1,"featured_media":0,"parent":0,"menu_order":0,"comment_status":"closed","ping_status":"closed","template":"page-templates\/homepage.php","meta":{"footnotes":""},"class_list":["post-43","page","type-page","status-publish","hentry"],"_links":{"self":[{"href":"https:\/\/www.mpower1.hr\/index.php?rest_route=\/wp\/v2\/pages\/43","targetHints":{"allow":["GET"]}}],"collection":[{"href":"https:\/\/www.mpower1.hr\/index.php?rest_route=\/wp\/v2\/pages"}],"about":[{"href":"https:\/\/www.mpower1.hr\/index.php?rest_route=\/wp\/v2\/types\/page"}],"author":[{"embeddable":true,"href":"https:\/\/www.mpower1.hr\/index.php?rest_route=\/wp\/v2\/users\/1"}],"replies":[{"embeddable":true,"href":"https:\/\/www.mpower1.hr\/index.php?rest_route=%2Fwp%2Fv2%2Fcomments&post=43"}],"version-history":[{"count":43,"href":"https:\/\/www.mpower1.hr\/index.php?rest_route=\/wp\/v2\/pages\/43\/revisions"}],"predecessor-version":[{"id":349,"href":"https:\/\/www.mpower1.hr\/index.php?rest_route=\/wp\/v2\/pages\/43\/revisions\/349"}],"wp:attachment":[{"href":"https:\/\/www.mpower1.hr\/index.php?rest_route=%2Fwp%2Fv2%2Fmedia&parent=43"}],"curies":[{"name":"wp","href":"https:\/\/api.w.org\/{rel}","templated":true}]}}