{"id":99,"date":"2020-11-15T15:22:03","date_gmt":"2020-11-15T14:22:03","guid":{"rendered":"https:\/\/www.mpower1.hr\/?page_id=99"},"modified":"2020-11-23T00:27:06","modified_gmt":"2020-11-22T23:27:06","slug":"savjetovanje","status":"publish","type":"page","link":"https:\/\/www.mpower1.hr\/?page_id=99","title":{"rendered":"Savjetovanje"},"content":{"rendered":"\n<h3 style=\"font-size:25px\"><strong>Analiza i unapre\u0111enje procesa<\/strong><\/h3>\n<p>&nbsp;<\/p>\n\n\n\n<div class=\"wp-block-columns are-vertically-aligned-center is-layout-flex wp-container-core-columns-is-layout-9d6595d7 wp-block-columns-is-layout-flex\">\n<div class=\"wp-block-column is-vertically-aligned-center is-layout-flow wp-block-column-is-layout-flow\" style=\"flex-basis:78.2%\">\n<p><\/p>\n\n\n\n<p class=\"has-medium-font-size\">Ne mo\u017eete pobolj\u0161ati ono \u0161to ne mjerite niti promijeniti ono \u0161to ne razumijete.<\/p>\n\n\n\n<p class=\"has-medium-font-size\">Zato je prvi korak prema efikasnijem poslovanju analiza postoje\u0107ih poslovnih procesa.<\/p>\n\n\n\n<p>.<\/p>\n<\/div>\n\n\n\n<div class=\"wp-block-column is-vertically-aligned-center is-layout-flow wp-block-column-is-layout-flow\" style=\"flex-basis:33.33%\">\n<div class=\"wp-block-image\"><figure class=\"aligncenter size-large is-resized\"><img loading=\"lazy\" decoding=\"async\" src=\"https:\/\/www.mpower1.hr\/wp-content\/uploads\/2020\/03\/Rounded-elegance_218-i-28.png\" alt=\"\" class=\"wp-image-23\" width=\"194\" height=\"172\" srcset=\"https:\/\/www.mpower1.hr\/wp-content\/uploads\/2020\/03\/Rounded-elegance_218-i-28.png 580w, https:\/\/www.mpower1.hr\/wp-content\/uploads\/2020\/03\/Rounded-elegance_218-i-28-300x268.png 300w\" sizes=\"auto, (max-width: 194px) 100vw, 194px\" \/><\/figure><\/div>\n<\/div>\n<\/div>\n\n\n\n<div class=\"wp-block-columns is-layout-flex wp-container-core-columns-is-layout-9d6595d7 wp-block-columns-is-layout-flex\">\n<div class=\"wp-block-column is-vertically-aligned-bottom is-layout-flow wp-block-column-is-layout-flow\" style=\"flex-basis:33.33%\">\n<div class=\"wp-block-image\"><figure class=\"aligncenter size-large is-resized\"><img loading=\"lazy\" decoding=\"async\" src=\"https:\/\/www.mpower1.hr\/wp-content\/uploads\/2020\/11\/consulting.jpg\" alt=\"\" class=\"wp-image-126\" width=\"175\" height=\"139\" srcset=\"https:\/\/www.mpower1.hr\/wp-content\/uploads\/2020\/11\/consulting.jpg 1000w, https:\/\/www.mpower1.hr\/wp-content\/uploads\/2020\/11\/consulting-300x239.jpg 300w, https:\/\/www.mpower1.hr\/wp-content\/uploads\/2020\/11\/consulting-768x612.jpg 768w\" sizes=\"auto, (max-width: 175px) 100vw, 175px\" \/><\/figure><\/div>\n<\/div>\n\n\n\n<div class=\"wp-block-column is-vertically-aligned-center is-layout-flow wp-block-column-is-layout-flow\" style=\"flex-basis:66.66%\">\n<p class=\"has-medium-font-size\"> &#8211; odrediti cilj<\/p>\n\n\n\n<p class=\"has-medium-font-size\"> &#8211; odrediti KPI-eve za mjerenje uspjeha<\/p>\n\n\n\n<p class=\"has-medium-font-size\"> &#8211; prikupiti osnovne podatke<\/p>\n\n\n\n<p class=\"has-medium-font-size\"> &#8211; napraviti detaljnu analizu svakog procesa<\/p>\n\n\n\n<p><\/p>\n<\/div>\n<\/div>\n","protected":false},"excerpt":{"rendered":"<p>Analiza i unapre\u0111enje procesa &nbsp; Ne mo\u017eete pobolj\u0161ati ono \u0161to ne mjerite niti promijeniti ono \u0161to ne razumijete. Zato je prvi korak prema efikasnijem poslovanju analiza postoje\u0107ih poslovnih procesa. . &#8211; odrediti cilj &#8211; odrediti KPI-eve za mjerenje uspjeha &#8211; prikupiti osnovne podatke &#8211; napraviti detaljnu analizu svakog procesa<\/p>\n","protected":false},"author":1,"featured_media":0,"parent":43,"menu_order":0,"comment_status":"closed","ping_status":"closed","template":"","meta":{"footnotes":""},"class_list":["post-99","page","type-page","status-publish","hentry"],"_links":{"self":[{"href":"https:\/\/www.mpower1.hr\/index.php?rest_route=\/wp\/v2\/pages\/99","targetHints":{"allow":["GET"]}}],"collection":[{"href":"https:\/\/www.mpower1.hr\/index.php?rest_route=\/wp\/v2\/pages"}],"about":[{"href":"https:\/\/www.mpower1.hr\/index.php?rest_route=\/wp\/v2\/types\/page"}],"author":[{"embeddable":true,"href":"https:\/\/www.mpower1.hr\/index.php?rest_route=\/wp\/v2\/users\/1"}],"replies":[{"embeddable":true,"href":"https:\/\/www.mpower1.hr\/index.php?rest_route=%2Fwp%2Fv2%2Fcomments&post=99"}],"version-history":[{"count":30,"href":"https:\/\/www.mpower1.hr\/index.php?rest_route=\/wp\/v2\/pages\/99\/revisions"}],"predecessor-version":[{"id":335,"href":"https:\/\/www.mpower1.hr\/index.php?rest_route=\/wp\/v2\/pages\/99\/revisions\/335"}],"up":[{"embeddable":true,"href":"https:\/\/www.mpower1.hr\/index.php?rest_route=\/wp\/v2\/pages\/43"}],"wp:attachment":[{"href":"https:\/\/www.mpower1.hr\/index.php?rest_route=%2Fwp%2Fv2%2Fmedia&parent=99"}],"curies":[{"name":"wp","href":"https:\/\/api.w.org\/{rel}","templated":true}]}}